{"id":1728,"date":"2020-10-03T14:23:45","date_gmt":"2020-10-03T12:23:45","guid":{"rendered":"https:\/\/daxis.ch\/?page_id=1728"},"modified":"2020-10-05T10:58:48","modified_gmt":"2020-10-05T08:58:48","slug":"services","status":"publish","type":"page","link":"https:\/\/daxis.ch\/en\/services\/","title":{"rendered":"Services"},"content":{"rendered":"<p>[et_pb_section fb_built=\u00a0\u00bb1&Prime; _builder_version=\u00a0\u00bb4.6.5&Prime; _module_preset=\u00a0\u00bbdefault\u00a0\u00bb background_color=\u00a0\u00bb#30326f\u00a0\u00bb background_enable_image=\u00a0\u00bboff\u00a0\u00bb background_enable_video_mp4=\u00a0\u00bboff\u00a0\u00bb width=\u00a0\u00bb100%\u00a0\u00bb min_height=\u00a0\u00bb120px\u00a0\u00bb height=\u00a0\u00bb100%\u00a0\u00bb overflow-y=\u00a0\u00bbscroll\u00a0\u00bb custom_margin=\u00a0\u00bb||||false|false\u00a0\u00bb custom_padding=\u00a0\u00bb0px|0px|0px|0px|false|false\u00a0\u00bb animation_style=\u00a0\u00bbfade\u00a0\u00bb custom_css_main_element=\u00a0\u00bbdisplay: table;||\u00a0\u00bb][et_pb_row use_custom_gutter=\u00a0\u00bbon\u00a0\u00bb gutter_width=\u00a0\u00bb1&Prime; make_equal=\u00a0\u00bbon\u00a0\u00bb _builder_version=\u00a0\u00bb4.6.5&Prime; _module_preset=\u00a0\u00bbdefault\u00a0\u00bb module_alignment=\u00a0\u00bbcenter\u00a0\u00bb custom_margin=\u00a0\u00bb0px|-1px|0px|0px|false|false\u00a0\u00bb custom_padding=\u00a0\u00bb0px|0px|0px|0px|false|false\u00a0\u00bb custom_css_main_element=\u00a0\u00bbmargin: auto;\u00a0\u00bb][et_pb_column type=\u00a0\u00bb4_4&Prime; _builder_version=\u00a0\u00bb4.6.5&Prime; _module_preset=\u00a0\u00bbdefault\u00a0\u00bb][et_pb_cta button_text=\u00a0\u00bbClick Here\u00a0\u00bb _builder_version=\u00a0\u00bb4.6.5&Prime; _module_preset=\u00a0\u00bbdefault\u00a0\u00bb body_font=\u00a0\u00bb|700||||on|||\u00a0\u00bb body_font_size=\u00a0\u00bb17px\u00a0\u00bb body_line_height=\u00a0\u00bb1.4em\u00a0\u00bb background_enable_color=\u00a0\u00bboff\u00a0\u00bb module_alignment=\u00a0\u00bbcenter\u00a0\u00bb height=\u00a0\u00bb100%\u00a0\u00bb custom_padding=\u00a0\u00bb|10%||10%|false|false\u00a0\u00bb animation_style=\u00a0\u00bbfade\u00a0\u00bb custom_css_main_element=\u00a0\u00bbmargin: auto;display: flex;||flex-direction: column;||justify-content: center;||\u00a0\u00bb body_text_shadow_style=\u00a0\u00bbpreset3&Prime; body_text_shadow_blur_strength=\u00a0\u00bb0.37em\u00a0\u00bb body_text_shadow_color=\u00a0\u00bb#30326f\u00a0\u00bb][\/et_pb_cta][\/et_pb_column][\/et_pb_row][\/et_pb_section][et_pb_section fb_built=\u00a0\u00bb1&Prime; _builder_version=\u00a0\u00bb4.6.5&Prime; _module_preset=\u00a0\u00bbdefault\u00a0\u00bb background_color=\u00a0\u00bb#30326f\u00a0\u00bb background_enable_image=\u00a0\u00bboff\u00a0\u00bb background_enable_video_mp4=\u00a0\u00bboff\u00a0\u00bb width=\u00a0\u00bb100%\u00a0\u00bb module_alignment=\u00a0\u00bbcenter\u00a0\u00bb min_height=\u00a0\u00bb100%\u00a0\u00bb height=\u00a0\u00bb100%\u00a0\u00bb overflow-y=\u00a0\u00bbscroll\u00a0\u00bb custom_margin=\u00a0\u00bb||||false|false\u00a0\u00bb custom_padding=\u00a0\u00bb0px|0px|0px|0px|false|false\u00a0\u00bb animation_style=\u00a0\u00bbfade\u00a0\u00bb custom_css_main_element=\u00a0\u00bbdisplay: table;||\u00a0\u00bb][et_pb_row column_structure=\u00a0\u00bb1_2,1_2&Prime; use_custom_gutter=\u00a0\u00bbon\u00a0\u00bb gutter_width=\u00a0\u00bb1&Prime; make_equal=\u00a0\u00bbon\u00a0\u00bb _builder_version=\u00a0\u00bb4.6.5&Prime; _module_preset=\u00a0\u00bbdefault\u00a0\u00bb module_alignment=\u00a0\u00bbcenter\u00a0\u00bb custom_margin=\u00a0\u00bb0px|-1px|0px|0px|false|false\u00a0\u00bb custom_padding=\u00a0\u00bb0px|0px|0px|0px|false|false\u00a0\u00bb custom_css_main_element=\u00a0\u00bbmargin: auto;\u00a0\u00bb][et_pb_column type=\u00a0\u00bb1_2&Prime; _builder_version=\u00a0\u00bb4.6.5&Prime; _module_preset=\u00a0\u00bbdefault\u00a0\u00bb][et_pb_text _builder_version=\u00a0\u00bb4.6.5&Prime; _module_preset=\u00a0\u00bbdefault\u00a0\u00bb background_color=\u00a0\u00bb#30326f\u00a0\u00bb background_video_mp4=\u00a0\u00bbhttps:\/\/daxis.ch\/wp-content\/uploads\/2020\/10\/pour-vous.mp4&Prime; background_video_webm=\u00a0\u00bbhttps:\/\/daxis.ch\/wp-content\/uploads\/2020\/10\/pour-vous.webm\u00a0\u00bb width=\u00a0\u00bb100%\u00a0\u00bb max_width=\u00a0\u00bb100%\u00a0\u00bb min_height=\u00a0\u00bb400px\u00a0\u00bb height=\u00a0\u00bb100%\u00a0\u00bb max_height=\u00a0\u00bb100%\u00a0\u00bb hover_enabled=\u00a0\u00bb0&Prime; background_video_pause_outside_viewport=\u00a0\u00bboff\u00a0\u00bb sticky_enabled=\u00a0\u00bb0&Prime;][\/et_pb_text][\/et_pb_column][et_pb_column type=\u00a0\u00bb1_2&Prime; _builder_version=\u00a0\u00bb4.6.5&Prime; _module_preset=\u00a0\u00bbdefault\u00a0\u00bb][et_pb_cta button_text=\u00a0\u00bbClick Here\u00a0\u00bb _builder_version=\u00a0\u00bb4.6.5&Prime; _module_preset=\u00a0\u00bbdefault\u00a0\u00bb body_font=\u00a0\u00bb|700||||on|||\u00a0\u00bb body_font_size=\u00a0\u00bb17px\u00a0\u00bb body_line_height=\u00a0\u00bb1.4em\u00a0\u00bb background_enable_color=\u00a0\u00bboff\u00a0\u00bb module_alignment=\u00a0\u00bbcenter\u00a0\u00bb min_height=\u00a0\u00bb400px\u00a0\u00bb height=\u00a0\u00bb100%\u00a0\u00bb custom_padding=\u00a0\u00bb|10%||10%|false|false\u00a0\u00bb animation_style=\u00a0\u00bbfade\u00a0\u00bb custom_css_main_element=\u00a0\u00bbmargin: auto;display: flex;||flex-direction: column;||justify-content: center;||\u00a0\u00bb body_text_shadow_style=\u00a0\u00bbpreset3&Prime; body_text_shadow_blur_strength=\u00a0\u00bb0.37em\u00a0\u00bb body_text_shadow_color=\u00a0\u00bb#30326f\u00a0\u00bb]<\/p>\n<h1>Services. Efficacit\u00e9. Adaptabilit\u00e9.<\/h1>\n<p>&nbsp;<\/p>\n<p>Entreprise ou Particulier, tout le monde doit s\u2019occuper de g\u00e9rer sa comptabilit\u00e9 et ses documents administratifs avec des besoins qui sont propres \u00e0 chacun. C\u2019est \u00e0 partir de ce constat que DAXIS \u00e9labore, en fonction de vous, ses services sur-mesure, flexibles et\u00a0abordables.<\/p>\n<p>Communiquez directement avec nous et nous \u00e9valuerons vos besoins afin de vous apporter les solutions adapt\u00e9es \u00e0\u00a0votre\u00a0budget qui vous simplifierons\u00a0la\u00a0vie.<\/p>\n<p>[\/et_pb_cta][\/et_pb_column][\/et_pb_row][et_pb_row column_structure=\u00a0\u00bb1_2,1_2&Prime; use_custom_gutter=\u00a0\u00bbon\u00a0\u00bb gutter_width=\u00a0\u00bb1&Prime; make_equal=\u00a0\u00bbon\u00a0\u00bb disabled_on=\u00a0\u00bbon|on|off\u00a0\u00bb _builder_version=\u00a0\u00bb4.6.5&Prime; _module_preset=\u00a0\u00bbdefault\u00a0\u00bb module_alignment=\u00a0\u00bbcenter\u00a0\u00bb custom_margin=\u00a0\u00bb0px|-1px|0px|0px|false|false\u00a0\u00bb custom_padding=\u00a0\u00bb0px|0px|0px|0px|false|false\u00a0\u00bb custom_css_main_element=\u00a0\u00bbmargin: auto;\u00a0\u00bb][et_pb_column type=\u00a0\u00bb1_2&Prime; _builder_version=\u00a0\u00bb4.6.5&Prime; _module_preset=\u00a0\u00bbdefault\u00a0\u00bb][et_pb_cta button_text=\u00a0\u00bbClick Here\u00a0\u00bb _builder_version=\u00a0\u00bb4.6.5&Prime; _module_preset=\u00a0\u00bbdefault\u00a0\u00bb body_font=\u00a0\u00bb|700||||on|||\u00a0\u00bb body_font_size=\u00a0\u00bb17px\u00a0\u00bb body_line_height=\u00a0\u00bb1.4em\u00a0\u00bb background_enable_color=\u00a0\u00bboff\u00a0\u00bb module_alignment=\u00a0\u00bbcenter\u00a0\u00bb min_height=\u00a0\u00bb400px\u00a0\u00bb height=\u00a0\u00bb100%\u00a0\u00bb custom_padding=\u00a0\u00bb|10%||10%|false|false\u00a0\u00bb animation_style=\u00a0\u00bbfade\u00a0\u00bb custom_css_main_element=\u00a0\u00bbmargin: auto;display: flex;||flex-direction: column;||justify-content: center;||\u00a0\u00bb body_text_shadow_style=\u00a0\u00bbpreset3&Prime; body_text_shadow_blur_strength=\u00a0\u00bb0.37em\u00a0\u00bb body_text_shadow_color=\u00a0\u00bb#30326f\u00a0\u00bb]<\/p>\n<h1>Analyse. N\u00e9gociation. Fiscalit\u00e9.<\/h1>\n<p>&nbsp;<\/p>\n<p>Analyse de dossier fiscal pour les imp\u00f4ts directs et indirects, conseils fiscaux, \u00e9tablissement de propositions et solutions fiscales, gestion de patrimoine, n\u00e9gociation\u00a0d\u2019op\u00e9rations.<\/p>\n<p>&nbsp;<\/p>\n<h4 class=\"upslogan\"><span>\u201c\u00a0<\/span>Nous sommes pr\u00e9sent \u00e0 chaque \u00e9tape afin de vous \u00e9pauler et de vous aider \u00e0 prendre les\u00a0bonnes\u00a0d\u00e9cisions.\u00a0<span>\u201d<\/span><\/h4>\n<p>[\/et_pb_cta][\/et_pb_column][et_pb_column type=\u00a0\u00bb1_2&Prime; _builder_version=\u00a0\u00bb4.6.5&Prime; _module_preset=\u00a0\u00bbdefault\u00a0\u00bb][et_pb_text _builder_version=\u00a0\u00bb4.6.5&Prime; _module_preset=\u00a0\u00bbdefault\u00a0\u00bb background_color=\u00a0\u00bb#30326f\u00a0\u00bb background_video_mp4=\u00a0\u00bbhttps:\/\/daxis.ch\/wp-content\/uploads\/2020\/10\/analyse.mp4&Prime; background_video_webm=\u00a0\u00bbhttps:\/\/daxis.ch\/wp-content\/uploads\/2020\/10\/analyse.webm\u00a0\u00bb width=\u00a0\u00bb100%\u00a0\u00bb max_width=\u00a0\u00bb100%\u00a0\u00bb min_height=\u00a0\u00bb400px\u00a0\u00bb height=\u00a0\u00bb100%\u00a0\u00bb max_height=\u00a0\u00bb100%\u00a0\u00bb hover_enabled=\u00a0\u00bb0&Prime; background_video_pause_outside_viewport=\u00a0\u00bboff\u00a0\u00bb sticky_enabled=\u00a0\u00bb0&Prime;][\/et_pb_text][\/et_pb_column][\/et_pb_row][et_pb_row column_structure=\u00a0\u00bb1_2,1_2&Prime; use_custom_gutter=\u00a0\u00bbon\u00a0\u00bb gutter_width=\u00a0\u00bb1&Prime; make_equal=\u00a0\u00bbon\u00a0\u00bb disabled_on=\u00a0\u00bboff|off|on\u00a0\u00bb _builder_version=\u00a0\u00bb4.6.5&Prime; _module_preset=\u00a0\u00bbdefault\u00a0\u00bb module_alignment=\u00a0\u00bbcenter\u00a0\u00bb custom_margin=\u00a0\u00bb0px|-1px|0px|0px|false|false\u00a0\u00bb custom_padding=\u00a0\u00bb0px|0px|0px|0px|false|false\u00a0\u00bb custom_css_main_element=\u00a0\u00bbmargin: auto;\u00a0\u00bb][et_pb_column type=\u00a0\u00bb1_2&Prime; _builder_version=\u00a0\u00bb4.6.5&Prime; _module_preset=\u00a0\u00bbdefault\u00a0\u00bb][et_pb_text _builder_version=\u00a0\u00bb4.6.5&Prime; _module_preset=\u00a0\u00bbdefault\u00a0\u00bb background_color=\u00a0\u00bb#30326f\u00a0\u00bb background_video_mp4=\u00a0\u00bbhttps:\/\/daxis.ch\/wp-content\/uploads\/2020\/10\/analyse.mp4&Prime; background_video_webm=\u00a0\u00bbhttps:\/\/daxis.ch\/wp-content\/uploads\/2020\/10\/analyse.webm\u00a0\u00bb width=\u00a0\u00bb100%\u00a0\u00bb max_width=\u00a0\u00bb100%\u00a0\u00bb min_height=\u00a0\u00bb400px\u00a0\u00bb height=\u00a0\u00bb100%\u00a0\u00bb max_height=\u00a0\u00bb100%\u00a0\u00bb hover_enabled=\u00a0\u00bb0&Prime; background_video_pause_outside_viewport=\u00a0\u00bboff\u00a0\u00bb sticky_enabled=\u00a0\u00bb0&Prime;][\/et_pb_text][\/et_pb_column][et_pb_column type=\u00a0\u00bb1_2&Prime; _builder_version=\u00a0\u00bb4.6.5&Prime; _module_preset=\u00a0\u00bbdefault\u00a0\u00bb][et_pb_cta button_text=\u00a0\u00bbClick Here\u00a0\u00bb _builder_version=\u00a0\u00bb4.6.5&Prime; _module_preset=\u00a0\u00bbdefault\u00a0\u00bb body_font=\u00a0\u00bb|700||||on|||\u00a0\u00bb body_font_size=\u00a0\u00bb17px\u00a0\u00bb body_line_height=\u00a0\u00bb1.4em\u00a0\u00bb background_enable_color=\u00a0\u00bboff\u00a0\u00bb module_alignment=\u00a0\u00bbcenter\u00a0\u00bb min_height=\u00a0\u00bb400px\u00a0\u00bb height=\u00a0\u00bb100%\u00a0\u00bb custom_padding=\u00a0\u00bb|10%||10%|false|false\u00a0\u00bb animation_style=\u00a0\u00bbfade\u00a0\u00bb custom_css_main_element=\u00a0\u00bbmargin: auto;display: flex;||flex-direction: column;||justify-content: center;||\u00a0\u00bb body_text_shadow_style=\u00a0\u00bbpreset3&Prime; body_text_shadow_blur_strength=\u00a0\u00bb0.37em\u00a0\u00bb body_text_shadow_color=\u00a0\u00bb#30326f\u00a0\u00bb]<\/p>\n<h1>Analyse. N\u00e9gociation. Fiscalit\u00e9.<\/h1>\n<p>&nbsp;<\/p>\n<p>Analyse de dossier fiscal pour les imp\u00f4ts directs et indirects, conseils fiscaux, \u00e9tablissement de propositions et solutions fiscales, gestion de patrimoine, n\u00e9gociation\u00a0d\u2019op\u00e9rations.<\/p>\n<p>&nbsp;<\/p>\n<h4 class=\"upslogan\"><span>\u201c\u00a0<\/span>Nos prestations adapt\u00e9es \u00e0 vos besoins sont notre fer de lance dans ce monde en\u00a0perp\u00e9tuel\u00a0changement.\u00a0<span>\u201d<\/span><\/h4>\n<p>[\/et_pb_cta][\/et_pb_column][\/et_pb_row][et_pb_row column_structure=\u00a0\u00bb1_2,1_2&Prime; use_custom_gutter=\u00a0\u00bbon\u00a0\u00bb gutter_width=\u00a0\u00bb1&Prime; make_equal=\u00a0\u00bbon\u00a0\u00bb _builder_version=\u00a0\u00bb4.6.5&Prime; _module_preset=\u00a0\u00bbdefault\u00a0\u00bb module_alignment=\u00a0\u00bbcenter\u00a0\u00bb custom_margin=\u00a0\u00bb0px|-1px|0px|0px|false|false\u00a0\u00bb custom_padding=\u00a0\u00bb0px|0px|0px|0px|false|false\u00a0\u00bb custom_css_main_element=\u00a0\u00bbmargin: auto;\u00a0\u00bb][et_pb_column type=\u00a0\u00bb1_2&Prime; _builder_version=\u00a0\u00bb4.6.5&Prime; _module_preset=\u00a0\u00bbdefault\u00a0\u00bb][et_pb_text _builder_version=\u00a0\u00bb4.6.5&Prime; _module_preset=\u00a0\u00bbdefault\u00a0\u00bb background_color=\u00a0\u00bb#30326f\u00a0\u00bb background_video_mp4=\u00a0\u00bbhttps:\/\/daxis.ch\/wp-content\/uploads\/2020\/10\/administratif.mp4&Prime; background_video_webm=\u00a0\u00bbhttps:\/\/daxis.ch\/wp-content\/uploads\/2020\/10\/administratif.webm\u00a0\u00bb width=\u00a0\u00bb100%\u00a0\u00bb max_width=\u00a0\u00bb100%\u00a0\u00bb min_height=\u00a0\u00bb400px\u00a0\u00bb height=\u00a0\u00bb100%\u00a0\u00bb max_height=\u00a0\u00bb100%\u00a0\u00bb hover_enabled=\u00a0\u00bb0&Prime; background_video_pause_outside_viewport=\u00a0\u00bboff\u00a0\u00bb sticky_enabled=\u00a0\u00bb0&Prime;][\/et_pb_text][\/et_pb_column][et_pb_column type=\u00a0\u00bb1_2&Prime; _builder_version=\u00a0\u00bb4.6.5&Prime; _module_preset=\u00a0\u00bbdefault\u00a0\u00bb][et_pb_cta button_text=\u00a0\u00bbClick Here\u00a0\u00bb _builder_version=\u00a0\u00bb4.6.5&Prime; _module_preset=\u00a0\u00bbdefault\u00a0\u00bb body_font=\u00a0\u00bb|700||||on|||\u00a0\u00bb body_font_size=\u00a0\u00bb17px\u00a0\u00bb body_line_height=\u00a0\u00bb1.4em\u00a0\u00bb background_enable_color=\u00a0\u00bboff\u00a0\u00bb module_alignment=\u00a0\u00bbcenter\u00a0\u00bb min_height=\u00a0\u00bb400px\u00a0\u00bb height=\u00a0\u00bb100%\u00a0\u00bb custom_padding=\u00a0\u00bb|10%||10%|false|false\u00a0\u00bb animation_style=\u00a0\u00bbfade\u00a0\u00bb custom_css_main_element=\u00a0\u00bbmargin: auto;display: flex;||flex-direction: column;||justify-content: center;||\u00a0\u00bb body_text_shadow_style=\u00a0\u00bbpreset3&Prime; body_text_shadow_blur_strength=\u00a0\u00bb0.37em\u00a0\u00bb body_text_shadow_color=\u00a0\u00bb#30326f\u00a0\u00bb]<\/p>\n<h1>Comptabilit\u00e9. Facturation. Suivi.<\/h1>\n<p>&nbsp;<\/p>\n<p>D\u00e9clarations fiscales, tva, \u00e9laboration de saisie, bouclement comptable, \u00e9tablissement d&rsquo;\u00e9tats financiers, audit des comptes, gestions des salaires et charges sociales, suivi d&rsquo;encaissements.<\/p>\n<p>&nbsp;<\/p>\n<h4 class=\"upslogan\"><span>\u201c\u00a0<\/span>Nos prestations adapt\u00e9es \u00e0 vos besoins sont notre fer de lance dans ce monde en\u00a0perp\u00e9tuel\u00a0changement.\u00a0<span>\u201d<\/span><\/h4>\n<p>[\/et_pb_cta][\/et_pb_column][\/et_pb_row][\/et_pb_section][et_pb_section fb_built=\u00a0\u00bb1&Prime; _builder_version=\u00a0\u00bb4.6.5&Prime; _module_preset=\u00a0\u00bbdefault\u00a0\u00bb background_color=\u00a0\u00bb#30326f\u00a0\u00bb background_enable_image=\u00a0\u00bboff\u00a0\u00bb background_enable_video_mp4=\u00a0\u00bboff\u00a0\u00bb module_alignment=\u00a0\u00bbcenter\u00a0\u00bb min_height=\u00a0\u00bb100%\u00a0\u00bb height=\u00a0\u00bb100%\u00a0\u00bb overflow-y=\u00a0\u00bbscroll\u00a0\u00bb custom_margin=\u00a0\u00bb||||false|false\u00a0\u00bb custom_padding=\u00a0\u00bb0px|0px|0px|0px|false|false\u00a0\u00bb animation_style=\u00a0\u00bbfade\u00a0\u00bb][\/et_pb_section]<\/p>\n","protected":false},"excerpt":{"rendered":"<p>Services. Efficacit\u00e9. Adaptabilit\u00e9. &nbsp; Entreprise ou Particulier, tout le monde doit s\u2019occuper de g\u00e9rer sa comptabilit\u00e9 et ses documents administratifs avec des besoins qui sont propres \u00e0 chacun. C\u2019est \u00e0 partir de ce constat que DAXIS \u00e9labore, en fonction de vous, ses services sur-mesure, flexibles et\u00a0abordables. Communiquez directement avec nous et nous \u00e9valuerons vos besoins [&hellip;]<\/p>\n","protected":false},"author":1,"featured_media":1718,"parent":0,"menu_order":0,"comment_status":"closed","ping_status":"closed","template":"","meta":{"_et_pb_use_builder":"on","_et_pb_old_content":"","_et_gb_content_width":"","footnotes":""},"class_list":["post-1728","page","type-page","status-publish","has-post-thumbnail","hentry"],"_links":{"self":[{"href":"https:\/\/daxis.ch\/en\/wp-json\/wp\/v2\/pages\/1728","targetHints":{"allow":["GET"]}}],"collection":[{"href":"https:\/\/daxis.ch\/en\/wp-json\/wp\/v2\/pages"}],"about":[{"href":"https:\/\/daxis.ch\/en\/wp-json\/wp\/v2\/types\/page"}],"author":[{"embeddable":true,"href":"https:\/\/daxis.ch\/en\/wp-json\/wp\/v2\/users\/1"}],"replies":[{"embeddable":true,"href":"https:\/\/daxis.ch\/en\/wp-json\/wp\/v2\/comments?post=1728"}],"version-history":[{"count":81,"href":"https:\/\/daxis.ch\/en\/wp-json\/wp\/v2\/pages\/1728\/revisions"}],"predecessor-version":[{"id":2255,"href":"https:\/\/daxis.ch\/en\/wp-json\/wp\/v2\/pages\/1728\/revisions\/2255"}],"wp:featuredmedia":[{"embeddable":true,"href":"https:\/\/daxis.ch\/en\/wp-json\/wp\/v2\/media\/1718"}],"wp:attachment":[{"href":"https:\/\/daxis.ch\/en\/wp-json\/wp\/v2\/media?parent=1728"}],"curies":[{"name":"wp","href":"https:\/\/api.w.org\/{rel}","templated":true}]}}